{"id":969,"date":"2014-10-29T07:24:00","date_gmt":"2014-10-29T07:24:00","guid":{"rendered":"http:\/\/atlantic-canarias.com\/lopd-2\/"},"modified":"2014-12-18T10:58:24","modified_gmt":"2014-12-18T10:58:24","slug":"lopd","status":"publish","type":"page","link":"https:\/\/www.atlantic-canarias.com\/fr\/lopd\/","title":{"rendered":"Vie priv\u00e9e et protection des donn\u00e9es"},"content":{"rendered":"<h1 class=\"titulotexto\" style=\"opacity:1;\">Vie priv\u00e9e et protection des donn\u00e9es<\/h1>\n<p>Selon les dispositions de la loi 15\/1999, du 13 D\u00e9cembre, la protection des donn\u00e9es personnelles (LOPD), le client \/ utilisateur est inform\u00e9 et consent \u00e0 l&rsquo;inclusion de leurs donn\u00e9es dans un fichier est responsable <strong> ATLANTIC CANARIAS SA<\/strong> a \u00e9t\u00e9 d\u00fbment enregistr\u00e9 aupr\u00e8s de l&rsquo;Agence espagnole de protection des donn\u00e9es afin de les informer sur les produits et services demand\u00e9s et envoi de communications commerciales \u00e0 leur sujet. Nous vous informons \u00e9galement de vos droits d&rsquo;acc\u00e8s, de rectification, annulation et opposition, exer\u00e7ables au si\u00e8ge social de <strong> ATLANTIC CANARIAS SA<\/strong>, situ\u00e9 dans C \/ EL GOFIO, NAVE 3, LA CHORRILLO &#8211; 38108 SANTA CRUZ DE TENERIFE &#8211; SANTA CRUZ DE TENERIFE. Nous vous informons \u00e9galement que les donn\u00e9es personnelles ne seront pas divulgu\u00e9es ou communiqu\u00e9es, m\u00eame pour la garde, \u00e0 des tiers.<\/p>\n","protected":false},"excerpt":{"rendered":"<p>Vie priv\u00e9e et protection des donn\u00e9es Selon les dispositions de la loi 15\/1999, du 13 D\u00e9cembre, la protection des donn\u00e9es&#8230; <a class=\"read-more\" href=\"https:\/\/www.atlantic-canarias.com\/fr\/lopd\/\">Leer m\u00e1s >><\/a><\/p>\n","protected":false},"author":1,"featured_media":749,"parent":0,"menu_order":0,"comment_status":"closed","ping_status":"closed","template":"","meta":{"footnotes":""},"class_list":["post-969","page","type-page","status-publish","has-post-thumbnail","hentry"],"_links":{"self":[{"href":"https:\/\/www.atlantic-canarias.com\/fr\/wp-json\/wp\/v2\/pages\/969","targetHints":{"allow":["GET"]}}],"collection":[{"href":"https:\/\/www.atlantic-canarias.com\/fr\/wp-json\/wp\/v2\/pages"}],"about":[{"href":"https:\/\/www.atlantic-canarias.com\/fr\/wp-json\/wp\/v2\/types\/page"}],"author":[{"embeddable":true,"href":"https:\/\/www.atlantic-canarias.com\/fr\/wp-json\/wp\/v2\/users\/1"}],"replies":[{"embeddable":true,"href":"https:\/\/www.atlantic-canarias.com\/fr\/wp-json\/wp\/v2\/comments?post=969"}],"version-history":[{"count":5,"href":"https:\/\/www.atlantic-canarias.com\/fr\/wp-json\/wp\/v2\/pages\/969\/revisions"}],"predecessor-version":[{"id":989,"href":"https:\/\/www.atlantic-canarias.com\/fr\/wp-json\/wp\/v2\/pages\/969\/revisions\/989"}],"wp:featuredmedia":[{"embeddable":true,"href":"https:\/\/www.atlantic-canarias.com\/fr\/wp-json\/wp\/v2\/media\/749"}],"wp:attachment":[{"href":"https:\/\/www.atlantic-canarias.com\/fr\/wp-json\/wp\/v2\/media?parent=969"}],"curies":[{"name":"wp","href":"https:\/\/api.w.org\/{rel}","templated":true}]}}