{"id":307,"date":"2014-10-30T11:15:29","date_gmt":"2014-10-30T11:15:29","guid":{"rendered":"http:\/\/atlantic-canarias.com\/?page_id=307"},"modified":"2014-12-18T09:37:31","modified_gmt":"2014-12-18T09:37:31","slug":"des-douanes","status":"publish","type":"page","link":"https:\/\/www.atlantic-canarias.com\/fr\/des-douanes\/","title":{"rendered":"Des Douanes"},"content":{"rendered":"<h1 class=\"titulotexto\" style=\"opacity:1\">Des douanes<\/h1>\n<div style=\"width:60%; float:left;\">\nNotre service de douanes est heureux de s\u2019occuper de toutes les\u00a0 formalit\u00e9s et du d\u00e9douanement des importateurs, m\u00eame si les exp\u00e9ditions n\u2019ont pas \u00e9t\u00e9 effectu\u00e9es par nos services:<\/p>\n<ul>\n<li>Bureaux nationaux et internationaux.<\/li>\n<li>Exp\u00e9ditions au moyen de connections t\u00e9l\u00e9matiques permanentes avec les diverses administrations.<\/li>\n<li>Importations et exportations.<\/li>\n<li>Gestion professionnelle et rapide pour des exp\u00e9ditions sans pertes de temps jusqu\u2019\u00e1 leur destination.<\/li>\n<\/ul>\n<\/div>\n<div style=\"width:40%; float:right;\">\n<img loading=\"lazy\" decoding=\"async\" src=\"http:\/\/atlantic-canarias.com\/wp-content\/uploads\/2014\/10\/aduana1-300x216.jpg\" alt=\"aduana1\" width=\"300\" height=\"216\" class=\"alignleft size-medium wp-image-801\" srcset=\"https:\/\/www.atlantic-canarias.com\/wp-content\/uploads\/2014\/10\/aduana1-300x216.jpg 300w, https:\/\/www.atlantic-canarias.com\/wp-content\/uploads\/2014\/10\/aduana1.jpg 314w\" sizes=\"auto, (max-width: 300px) 100vw, 300px\" \/><br \/>\n<img loading=\"lazy\" decoding=\"async\" src=\"http:\/\/atlantic-canarias.com\/wp-content\/uploads\/2014\/10\/aduana2-300x211.jpg\" alt=\"aduana2\" width=\"300\" height=\"211\" class=\"alignnone size-medium wp-image-802\" srcset=\"https:\/\/www.atlantic-canarias.com\/wp-content\/uploads\/2014\/10\/aduana2-300x211.jpg 300w, https:\/\/www.atlantic-canarias.com\/wp-content\/uploads\/2014\/10\/aduana2.jpg 314w\" sizes=\"auto, (max-width: 300px) 100vw, 300px\" \/>\n<\/div>\n<p>[ls_button icon_right=\u00a0\u00bbfa-envelope\u00a0\u00bb color=\u00a0\u00bbdefault\u00a0\u00bb url=\u00a0\u00bbhttp:\/\/atlantic-canarias.com\/fr\/solicitaroferta\/\u00a0\u00bb target=\u00a0\u00bb_self\u00a0\u00bb ]Demandez une offre[\/ls_button]<\/p>\n","protected":false},"excerpt":{"rendered":"<p>Des douanes Notre service de douanes est heureux de s\u2019occuper de toutes les\u00a0 formalit\u00e9s et du d\u00e9douanement des importateurs, m\u00eame&#8230; <a class=\"read-more\" href=\"https:\/\/www.atlantic-canarias.com\/fr\/des-douanes\/\">Leer m\u00e1s >><\/a><\/p>\n","protected":false},"author":1,"featured_media":749,"parent":0,"menu_order":0,"comment_status":"open","ping_status":"closed","template":"page-full-width.php","meta":{"footnotes":""},"class_list":["post-307","page","type-page","status-publish","has-post-thumbnail","hentry"],"_links":{"self":[{"href":"https:\/\/www.atlantic-canarias.com\/fr\/wp-json\/wp\/v2\/pages\/307","targetHints":{"allow":["GET"]}}],"collection":[{"href":"https:\/\/www.atlantic-canarias.com\/fr\/wp-json\/wp\/v2\/pages"}],"about":[{"href":"https:\/\/www.atlantic-canarias.com\/fr\/wp-json\/wp\/v2\/types\/page"}],"author":[{"embeddable":true,"href":"https:\/\/www.atlantic-canarias.com\/fr\/wp-json\/wp\/v2\/users\/1"}],"replies":[{"embeddable":true,"href":"https:\/\/www.atlantic-canarias.com\/fr\/wp-json\/wp\/v2\/comments?post=307"}],"version-history":[{"count":6,"href":"https:\/\/www.atlantic-canarias.com\/fr\/wp-json\/wp\/v2\/pages\/307\/revisions"}],"predecessor-version":[{"id":932,"href":"https:\/\/www.atlantic-canarias.com\/fr\/wp-json\/wp\/v2\/pages\/307\/revisions\/932"}],"wp:featuredmedia":[{"embeddable":true,"href":"https:\/\/www.atlantic-canarias.com\/fr\/wp-json\/wp\/v2\/media\/749"}],"wp:attachment":[{"href":"https:\/\/www.atlantic-canarias.com\/fr\/wp-json\/wp\/v2\/media?parent=307"}],"curies":[{"name":"wp","href":"https:\/\/api.w.org\/{rel}","templated":true}]}}