{"id":300,"date":"2014-10-30T11:12:25","date_gmt":"2014-10-30T11:12:25","guid":{"rendered":"http:\/\/atlantic-canarias.com\/?page_id=300"},"modified":"2014-12-18T11:25:44","modified_gmt":"2014-12-18T11:25:44","slug":"transport-aerien","status":"publish","type":"page","link":"https:\/\/www.atlantic-canarias.com\/fr\/transport-aerien\/","title":{"rendered":"Transport A\u00e9rien"},"content":{"rendered":"<h1 class=\"titulotexto\" style=\"opacity: 1;\">Transport a\u00e9rien<\/h1>\n<div style=\"width: 50%; float: left;\">Les transports a\u00e9riens n\u2019ont pas de secrets pour nous, non plus.<\/p>\n<ul>\n<li>Transport a\u00e9rien \u00e1 partir de n\u2019importe quelle ville du monde vers les Canaries et vice versa.<\/li>\n<li>Correspondants exp\u00e9riment\u00e9s en transports a\u00e9riens.<\/li>\n<li>Bureau dans tous les a\u00e9roports de d\u00e9part et de destination.<\/li>\n<li>Livraison imm\u00e9diate.<\/li>\n<\/ul>\n<p>[ls_button icon_right=\u00a0\u00bbfa-envelope\u00a0\u00bb color=\u00a0\u00bbdefault\u00a0\u00bb url=\u00a0\u00bbhttp:\/\/atlantic-canarias.com\/fr\/solicitaroferta\/\u00a0\u00bb target=\u00a0\u00bb_self\u00a0\u00bb ]Demandez une offre[\/ls_button]<\/p>\n<\/div>\n<div style=\"width: 50%; float: left;\"><div id='swiffycontainer_1' style='width: 314px; height: 227px;'><\/div><br \/>\n<img loading=\"lazy\" decoding=\"async\" src=\"http:\/\/atlantic-canarias.com\/wp-content\/uploads\/2014\/10\/cargo-plane2-300x211.jpg\" alt=\"cargo-plane2\" width=\"300\" height=\"211\" class=\"alignleft size-medium wp-image-892\" srcset=\"https:\/\/www.atlantic-canarias.com\/wp-content\/uploads\/2014\/10\/cargo-plane2-300x211.jpg 300w, https:\/\/www.atlantic-canarias.com\/wp-content\/uploads\/2014\/10\/cargo-plane2.jpg 314w\" sizes=\"auto, (max-width: 300px) 100vw, 300px\" \/><\/div>\n","protected":false},"excerpt":{"rendered":"<p>Transport a\u00e9rien Les transports a\u00e9riens n\u2019ont pas de secrets pour nous, non plus. Transport a\u00e9rien \u00e1 partir de n\u2019importe quelle&#8230; <a class=\"read-more\" href=\"https:\/\/www.atlantic-canarias.com\/fr\/transport-aerien\/\">Leer m\u00e1s >><\/a><\/p>\n","protected":false},"author":1,"featured_media":749,"parent":0,"menu_order":0,"comment_status":"open","ping_status":"closed","template":"page-full-width.php","meta":{"footnotes":""},"class_list":["post-300","page","type-page","status-publish","has-post-thumbnail","hentry"],"_links":{"self":[{"href":"https:\/\/www.atlantic-canarias.com\/fr\/wp-json\/wp\/v2\/pages\/300","targetHints":{"allow":["GET"]}}],"collection":[{"href":"https:\/\/www.atlantic-canarias.com\/fr\/wp-json\/wp\/v2\/pages"}],"about":[{"href":"https:\/\/www.atlantic-canarias.com\/fr\/wp-json\/wp\/v2\/types\/page"}],"author":[{"embeddable":true,"href":"https:\/\/www.atlantic-canarias.com\/fr\/wp-json\/wp\/v2\/users\/1"}],"replies":[{"embeddable":true,"href":"https:\/\/www.atlantic-canarias.com\/fr\/wp-json\/wp\/v2\/comments?post=300"}],"version-history":[{"count":10,"href":"https:\/\/www.atlantic-canarias.com\/fr\/wp-json\/wp\/v2\/pages\/300\/revisions"}],"predecessor-version":[{"id":1018,"href":"https:\/\/www.atlantic-canarias.com\/fr\/wp-json\/wp\/v2\/pages\/300\/revisions\/1018"}],"wp:featuredmedia":[{"embeddable":true,"href":"https:\/\/www.atlantic-canarias.com\/fr\/wp-json\/wp\/v2\/media\/749"}],"wp:attachment":[{"href":"https:\/\/www.atlantic-canarias.com\/fr\/wp-json\/wp\/v2\/media?parent=300"}],"curies":[{"name":"wp","href":"https:\/\/api.w.org\/{rel}","templated":true}]}}