{"id":293,"date":"2014-10-30T11:09:26","date_gmt":"2014-10-30T11:09:26","guid":{"rendered":"http:\/\/atlantic-canarias.com\/?page_id=293"},"modified":"2014-12-18T11:52:07","modified_gmt":"2014-12-18T11:52:07","slug":"expedition","status":"publish","type":"page","link":"https:\/\/www.atlantic-canarias.com\/fr\/expedition\/","title":{"rendered":"Exp\u00e9dition"},"content":{"rendered":"<h1 class=\"titulotexto\" style=\"opacity:1\">Exp\u00e9dition<\/h1>\n<div class=\"responsive-tabs\">\n<h2 class=\"tabtitle\">P\u00c9NINSULE-\u00ceLES CANARIES<\/h2>\n<div class=\"tabcontent\">\n\n<div style=\"width: 60%; float: left;\">\nNotre service P\u00e9ninsule-Canaries vous donne le moyen le plus direct, rapide et s\u00fbr de transporter vos marchandises au d\u00e9part de la P\u00e9ninsule :<\/p>\n<ul>\n<li>D\u00e9parts hebdomadaires de groupage et conteneur complet avec ramassages quotidiens dans toute la p\u00e9ninsule pour que la marchandise soit pr\u00eate a embarquer dans un maximum de 24 heures.<\/li>\n<li>Tous les services dans un m\u00eame lieu depuis le ramassage jusqu\u2019\u00e1 la livraison: entrep\u00f4t, d\u00e9douanement, v\u00e9hicules de la soci\u00e9t\u00e9, assurances, etc&#8230;<\/li>\n<li>Efficacit\u00e9, s\u00e9curit\u00e9 et rapidit\u00e9 pour que nos clients re\u00e7oivent un service correspondant \u00e1 leurs attentes.<\/li>\n<li>Informations et suivi en permanence sur le transport et les frais occasionn\u00e9s pour que la marchandise reste toujours sous le contr\u00f4le de l&rsquo;importateur.<\/li>\n<li>Attention professionnelle personnalis\u00e9e de chacun de nos services car derri\u00e8re chaque produit se trouvent des personnes dont l\u2019objectif est de m\u00e9riter la confiance de nos clients.<\/li>\n<li>Transports depuis les Canaries pour n\u2019importe quel endroit de la P\u00e9ninsule.<\/li>\n<\/ul>\n<p><a href=\"https:\/\/www.atlantic-canarias.com\/fr\/codigos-postales-de-espana\/\" target=\"_blank\">Carte virtuelle des codes postaux en Espagne<\/a><\/p>\n<\/div>\n<div style=\"width: 30%; float: right;\"><div id='swiffycontainer_1' style='width: 300px; height: 227px;'><\/div><br \/>\n<img loading=\"lazy\" decoding=\"async\" src=\"http:\/\/atlantic-canarias.com\/wp-content\/uploads\/2014\/09\/maritimo-300x211.jpg\" alt=\"maritimo\" width=\"300\" height=\"211\" class=\"alignleft size-medium wp-image-912\" srcset=\"https:\/\/www.atlantic-canarias.com\/wp-content\/uploads\/2014\/09\/maritimo-300x211.jpg 300w, https:\/\/www.atlantic-canarias.com\/wp-content\/uploads\/2014\/09\/maritimo.jpg 314w\" sizes=\"auto, (max-width: 300px) 100vw, 300px\" \/><\/div>\n\n<\/div><h2 class=\"tabtitle\">EUROPE - CANARIES<\/h2>\n<div class=\"tabcontent\">\n\n<div style=\"width: 60%; float: left;\">\nCe service constitue le meilleur choix possible pour importer aux Canaries vos marchandises en provenance de l&rsquo;Europe:<\/p>\n<ul>\n<li>Marchandises enlev\u00e9es dans toute l\u2019Europe autour du bassin mediterran\u00e9en ainsi qu\u2019en Europe centrale et du nord et dans les pays d&rsquo;Europe Orientale.<\/li>\n<li>D\u00e9parts r\u00e9guliers, temps de transit exceptionnels \u00e1 un prix tr\u00e8s comp\u00e9titif pour toute l\u2019Europe.<\/li>\n<li>Pr\u00e9sence dans tous les pays europ\u00e9ens en raison de notre r\u00e9seau de correspondants.<\/li>\n<li>Transport a\u00e9rien.<\/li>\n<li>Assurances de transports.<\/li>\n<li>Services d\u2019exportation \u00e1 destination de l\u2019Europe depuis les \u00eeles Canaries.<\/li>\n<p>\t        <script type=\"text\/javascript\">\n        function oculto(){document.getElementById(\"oculto\").style.display = \"block\";}\n        <\/script><\/p>\n<li><a id=\"displayText-3\"><\/a><strong><strong onclick=\"oculto()\"><u style=\"cursor:pointer\">Service sp\u00e9cial directe depuis et vers l&rsquo;Allemagne<\/u><br \/>\n<\/strong><\/strong><\/p>\n<div style=\"display:none\" id=\"oculto\">Notre navette Allemagne- Canaries vous offre la possibilit\u00e9 d&rsquo;importer leurs marchandises de l&rsquo;Allemagne \u00e0 Canaris \u00e0 6 jours:<\/p>\n<ul>\n<li>Service maritime Weekly de conteneurs pleins et groupage<\/li>\n<li> Micros quotidiennes sur toutes les villes allemandes<\/li>\n<li>Aviation <\/li>\n<li>D\u00e9douanement \u00e0 l&rsquo;origine et la destination<\/li>\n<li>Assurance Transport<\/li>\n<li>Transport <\/li>\n<li>Service d&rsquo;exportation des \u00eeles Canaries \u00e0 l&rsquo;Allemagne <\/li>\n<li>Conteneurs de stockage de consolidation DusseldorfA.MS ATLANTIC Land- u. \u00dcberseespedition GmbH Grossh\u00fclsen 23 D-40721 Hilden T\u00e9l:. 49 2103 3329-0 Fax: +49 2103 3329-99 info@atlantic-hilden.de <a href = \"http:\/\/www.atlantic-hilden.de\/\" target = \"_blank\"> www.atlantic-hilden.de <\/a><\/li>\n<\/ul>\n<\/div>\n<p><a href=\"https:\/\/www.atlantic-canarias.com\/fr\/codigos-postales-de-italia\/\">Carte virtuelle des codes postaux en Italie<\/a><\/p>\n<p><a href=\"https:\/\/www.atlantic-canarias.com\/fr\/codigos-postales-de-francia\/\">Carte virtuelle des codes postaux en France<\/a><\/p>\n<\/div>\n<div style=\"width: 30%; float: right;\"><div id='swiffycontainer_2' style='width: 300px; height: 227px;'><\/div><br \/>\n<img loading=\"lazy\" decoding=\"async\" src=\"http:\/\/atlantic-canarias.com\/wp-content\/uploads\/2014\/09\/maritimo-300x211.jpg\" alt=\"maritimo\" width=\"300\" height=\"211\" class=\"alignleft size-medium wp-image-912\" srcset=\"https:\/\/www.atlantic-canarias.com\/wp-content\/uploads\/2014\/09\/maritimo-300x211.jpg 300w, https:\/\/www.atlantic-canarias.com\/wp-content\/uploads\/2014\/09\/maritimo.jpg 314w\" sizes=\"auto, (max-width: 300px) 100vw, 300px\" \/><\/div>\n\n<\/div><h2 class=\"tabtitle\">EXTR\u00caME ORIENT - CANARIES<\/h2>\n<div class=\"tabcontent\">\n\n<div style=\"width: 60%; float: left;\">\nNotre service de transport hebdomadaire au d\u00e9part de l\u2019extr\u00eame orient et \u00e1 destination des Canaries constitue la fa\u00e7on la plus directe, simple et rapide de relier ces deux zones g\u00e9ographiques.<\/p>\n<p>Notre correspondant est l&rsquo;un des op\u00e9rateurs de transport les plus anciens et importants en Asie, avec ses bureaux principaux \u00e1 Hong Kong et sa pr\u00e9sence est la plus importante dans les ports de chine et sur le reste du territoire asiatique. Ses services s\u2019occupent de la consolidation des conteneurs de groupage qui sont embarqu\u00e9s chaque semaine \u00e1 destination des Canaries.<\/p>\n<p>Un suivi minutieux des marchandises, le meilleur temps de transit possible, et la plus grande souplesse dans toutes les transactions au d\u00e9part et \u00e1 l\u2019arriv\u00e9e, convainquent nos clients et leur garantissent d&rsquo;importantes \u00e9conomies de temps et d&rsquo;argent.<\/p>\n<p><a href=\"https:\/\/www.atlantic-canarias.com\/fr\/codigos-postales-de-extremo-oriente\/\">Carte virtuelle des codes postaux en Asie<\/a><\/p>\n<\/div>\n<div style=\"width: 30%; float: right;\"><div id='swiffycontainer_3' style='width: 300px; height: 227px;'><\/div><br \/>\n<img loading=\"lazy\" decoding=\"async\" src=\"http:\/\/atlantic-canarias.com\/wp-content\/uploads\/2014\/09\/maritimo-300x211.jpg\" alt=\"maritimo\" width=\"300\" height=\"211\" class=\"alignleft size-medium wp-image-912\" srcset=\"https:\/\/www.atlantic-canarias.com\/wp-content\/uploads\/2014\/09\/maritimo-300x211.jpg 300w, https:\/\/www.atlantic-canarias.com\/wp-content\/uploads\/2014\/09\/maritimo.jpg 314w\" sizes=\"auto, (max-width: 300px) 100vw, 300px\" \/><\/div>\n\n<\/div><h2 class=\"tabtitle\">AFRIQUE<\/h2>\n<div class=\"tabcontent\">\n\n<div style=\"width: 60%; float: left;\">\nLes \u00eeles Canaries ont un r\u00f4le croissant comme lien entre l&rsquo;Europe et l\u2019Afrique de l&rsquo;Ouest. ATLANTIC CANARIAS, SA met son infrastructure de transport et de logistique \u00e0 la disposition des op\u00e9rateurs en leur donnant la possibilit\u00e9 de transporter leurs marchandises \u00e0 destination de ce continent et non seulement celles qui proviennent des \u00eeles Canaries mais aussi de n\u2019importe quel pays d\u2019Europe ou d\u2019Extr\u00eame Orient.<\/p>\n<\/div>\n<div style=\"width: 30%; float: right;\"><div id='swiffycontainer_4' style='width: 300px; height: 227px;'><\/div><br \/>\n<img loading=\"lazy\" decoding=\"async\" src=\"http:\/\/atlantic-canarias.com\/wp-content\/uploads\/2014\/09\/maritimo-300x211.jpg\" alt=\"maritimo\" width=\"300\" height=\"211\" class=\"alignleft size-medium wp-image-912\" srcset=\"https:\/\/www.atlantic-canarias.com\/wp-content\/uploads\/2014\/09\/maritimo-300x211.jpg 300w, https:\/\/www.atlantic-canarias.com\/wp-content\/uploads\/2014\/09\/maritimo.jpg 314w\" sizes=\"auto, (max-width: 300px) 100vw, 300px\" \/><\/div>\n<\/div><\/div>\n<p>[ls_button icon_right=\u00a0\u00bbfa-envelope\u00a0\u00bb color=\u00a0\u00bbdefault\u00a0\u00bb url=\u00a0\u00bbhttp:\/\/atlantic-canarias.com\/fr\/solicitaroferta\/\u00a0\u00bb target=\u00a0\u00bb_self\u00a0\u00bb ]Demandez une offre[\/ls_button]<\/p>\n","protected":false},"excerpt":{"rendered":"<p>Exp\u00e9dition Notre service P\u00e9ninsule-Canaries vous donne le moyen le plus direct, rapide et s\u00fbr de transporter vos marchandises au d\u00e9part&#8230; <a class=\"read-more\" href=\"https:\/\/www.atlantic-canarias.com\/fr\/expedition\/\">Leer m\u00e1s >><\/a><\/p>\n","protected":false},"author":1,"featured_media":749,"parent":0,"menu_order":0,"comment_status":"open","ping_status":"closed","template":"page-full-width.php","meta":{"footnotes":""},"class_list":["post-293","page","type-page","status-publish","has-post-thumbnail","hentry"],"_links":{"self":[{"href":"https:\/\/www.atlantic-canarias.com\/fr\/wp-json\/wp\/v2\/pages\/293","targetHints":{"allow":["GET"]}}],"collection":[{"href":"https:\/\/www.atlantic-canarias.com\/fr\/wp-json\/wp\/v2\/pages"}],"about":[{"href":"https:\/\/www.atlantic-canarias.com\/fr\/wp-json\/wp\/v2\/types\/page"}],"author":[{"embeddable":true,"href":"https:\/\/www.atlantic-canarias.com\/fr\/wp-json\/wp\/v2\/users\/1"}],"replies":[{"embeddable":true,"href":"https:\/\/www.atlantic-canarias.com\/fr\/wp-json\/wp\/v2\/comments?post=293"}],"version-history":[{"count":10,"href":"https:\/\/www.atlantic-canarias.com\/fr\/wp-json\/wp\/v2\/pages\/293\/revisions"}],"predecessor-version":[{"id":1033,"href":"https:\/\/www.atlantic-canarias.com\/fr\/wp-json\/wp\/v2\/pages\/293\/revisions\/1033"}],"wp:featuredmedia":[{"embeddable":true,"href":"https:\/\/www.atlantic-canarias.com\/fr\/wp-json\/wp\/v2\/media\/749"}],"wp:attachment":[{"href":"https:\/\/www.atlantic-canarias.com\/fr\/wp-json\/wp\/v2\/media?parent=293"}],"curies":[{"name":"wp","href":"https:\/\/api.w.org\/{rel}","templated":true}]}}