{"id":282,"date":"2014-10-30T10:59:46","date_gmt":"2014-10-30T10:59:46","guid":{"rendered":"http:\/\/atlantic-canarias.com\/?page_id=282"},"modified":"2014-12-18T11:06:44","modified_gmt":"2014-12-18T11:06:44","slug":"entreprise","status":"publish","type":"page","link":"https:\/\/www.atlantic-canarias.com\/fr\/entreprise\/","title":{"rendered":"Entreprise"},"content":{"rendered":"<h1 class=\"titulotexto\" style=\"opacity:1;\">Contactez votre professionnelle pour transport de marchandises de et les Iles Canaries<\/h1>\n<p>&nbsp;<\/p>\n<p><img loading=\"lazy\" decoding=\"async\" src=\"http:\/\/atlantic-canarias.com\/wp-content\/uploads\/2014\/09\/empresa11.jpg\" alt=\"empresa1\" width=\"314\" height=\"227\" class=\"alignright size-full wp-image-998\" style=\"margin:0 0 10px 10px;\" srcset=\"https:\/\/www.atlantic-canarias.com\/wp-content\/uploads\/2014\/09\/empresa11.jpg 314w, https:\/\/www.atlantic-canarias.com\/wp-content\/uploads\/2014\/09\/empresa11-300x216.jpg 300w\" sizes=\"auto, (max-width: 314px) 100vw, 314px\" \/>Atlantic Canarias, S.A. est une soci\u00e9t\u00e9 dont l&rsquo;activit\u00e9 porte sur le transport national et international de marchandises par mer et air, depuis et vers les \u00eeles Canaries, ainsi que les services annexes au transport y compris les formalit\u00e9s douani\u00e8res, la logistique, l&rsquo;entreposage et la distribution.<br \/>\nDepuis notre si\u00e8ge a Teneriffe et aux Gran Canaria, nous proposons \u00e1 nos importateurs une importante infrastructure de transport dans les Canaries, disposant:<\/p>\n<ul>\n<li>D\u2019un personnel motiv\u00e9 et hautement qualifi\u00e9 en mati\u00e8re de fret et de commerce ext\u00e9rieur, dont l\u2019objectif est de vous apporter une exp\u00e9rience de premier ordre avec Atlantic Canarias.<\/li>\n<li>De l\u2019entreposage temporaire dans nos installations, o\u00f9 se trouve le centre de consolidation et de deconsolidation imm\u00e9diate des conteneurs.<\/li>\n<li>D\u2019 un bureau de douane personnel s\u2019occupant de toutes les formalit\u00e9s douani\u00e8res et\u00a0 de l\u2019envoi des documents aux administrations concern\u00e9es\u00a0 par voie \u00e9lectronique.<\/li>\n<li>De notre propre flotte de v\u00e9hicules pour livrer les marchandises\u00a0 rapidement, sans perte de temps.<\/li>\n<li>D\u2019un r\u00e9seau d\u2019agents et de correspondants d\u2019Atlantic Canarias dans la p\u00e9ninsule et le reste du monde, constitu\u00e9 par des entreprises particuli\u00e8rement sp\u00e9cialis\u00e9es dans le transport dans les \u00eeles Canaries et parfaitement au courant de toutes les particularit\u00e9s sp\u00e9cifiques de notre commerce ext\u00e9rieur.<\/li>\n<\/ul>\n","protected":false},"excerpt":{"rendered":"<p>Contactez votre professionnelle pour transport de marchandises de et les Iles Canaries &nbsp; Atlantic Canarias, S.A. est une soci\u00e9t\u00e9 dont&#8230; <a class=\"read-more\" href=\"https:\/\/www.atlantic-canarias.com\/fr\/entreprise\/\">Leer m\u00e1s >><\/a><\/p>\n","protected":false},"author":1,"featured_media":749,"parent":0,"menu_order":0,"comment_status":"open","ping_status":"open","template":"","meta":{"footnotes":""},"class_list":["post-282","page","type-page","status-publish","has-post-thumbnail","hentry"],"_links":{"self":[{"href":"https:\/\/www.atlantic-canarias.com\/fr\/wp-json\/wp\/v2\/pages\/282","targetHints":{"allow":["GET"]}}],"collection":[{"href":"https:\/\/www.atlantic-canarias.com\/fr\/wp-json\/wp\/v2\/pages"}],"about":[{"href":"https:\/\/www.atlantic-canarias.com\/fr\/wp-json\/wp\/v2\/types\/page"}],"author":[{"embeddable":true,"href":"https:\/\/www.atlantic-canarias.com\/fr\/wp-json\/wp\/v2\/users\/1"}],"replies":[{"embeddable":true,"href":"https:\/\/www.atlantic-canarias.com\/fr\/wp-json\/wp\/v2\/comments?post=282"}],"version-history":[{"count":4,"href":"https:\/\/www.atlantic-canarias.com\/fr\/wp-json\/wp\/v2\/pages\/282\/revisions"}],"predecessor-version":[{"id":1001,"href":"https:\/\/www.atlantic-canarias.com\/fr\/wp-json\/wp\/v2\/pages\/282\/revisions\/1001"}],"wp:featuredmedia":[{"embeddable":true,"href":"https:\/\/www.atlantic-canarias.com\/fr\/wp-json\/wp\/v2\/media\/749"}],"wp:attachment":[{"href":"https:\/\/www.atlantic-canarias.com\/fr\/wp-json\/wp\/v2\/media?parent=282"}],"curies":[{"name":"wp","href":"https:\/\/api.w.org\/{rel}","templated":true}]}}