{"id":970,"date":"2014-10-29T07:24:00","date_gmt":"2014-10-29T07:24:00","guid":{"rendered":"http:\/\/atlantic-canarias.com\/lopd-2\/"},"modified":"2014-12-18T10:58:36","modified_gmt":"2014-12-18T10:58:36","slug":"lopd","status":"publish","type":"page","link":"https:\/\/www.atlantic-canarias.com\/de\/lopd\/","title":{"rendered":"Privatsph\u00e4re und Datenschutz"},"content":{"rendered":"<h1 class=\"titulotexto\" style=\"opacity:1;\">Privatsph\u00e4re und Datenschutz<\/h1>\n<p>Nach den Bestimmungen des Gesetzes 15\/1999, vom 13. Dezember Schutz personenbezogener Daten (LOPD), die Client \/ Benutzer wird informiert und stimmt der Aufnahme ihrer Daten in eine Datei, verantwortlich ist <strong> ATLANTIC CANARIAS SA<\/strong> wurde ordnungsgem\u00e4\u00df bei der spanischen Datenschutzbeh\u00f6rde, um sie \u00fcber die Produkte und Serviceleistungen und der Zusendung von Gesch\u00e4ftskorrespondenz \u00fcber sie informieren registriert. 38108 SANTA CRUZ &#8211; wir Sie \u00fcber Ihre Rechte auf Auskunft, Berichtigung, L\u00f6schung und Widerspruch, aus\u00fcbbar am Sitz der <strong>ATLANTIC CANARIAS SA<\/strong>, in C \/ EL GOFIO liegt NAVE 3, DIE ALOVERA informieren auch DE TENERIFE &#8211; Santa Cruz de Tenerife. Wir informieren Sie auch, dass die pers\u00f6nlichen Daten werden nicht weitergegeben oder mitgeteilt werden, auch f\u00fcr die Verwahrung, an Dritte weiter.<\/p>\n","protected":false},"excerpt":{"rendered":"<p>Privatsph\u00e4re und Datenschutz Nach den Bestimmungen des Gesetzes 15\/1999, vom 13. Dezember Schutz personenbezogener Daten (LOPD), die Client \/ Benutzer&#8230; <a class=\"read-more\" href=\"https:\/\/www.atlantic-canarias.com\/de\/lopd\/\">Leer m\u00e1s >><\/a><\/p>\n","protected":false},"author":1,"featured_media":749,"parent":0,"menu_order":0,"comment_status":"closed","ping_status":"closed","template":"","meta":{"footnotes":""},"class_list":["post-970","page","type-page","status-publish","has-post-thumbnail","hentry"],"_links":{"self":[{"href":"https:\/\/www.atlantic-canarias.com\/de\/wp-json\/wp\/v2\/pages\/970","targetHints":{"allow":["GET"]}}],"collection":[{"href":"https:\/\/www.atlantic-canarias.com\/de\/wp-json\/wp\/v2\/pages"}],"about":[{"href":"https:\/\/www.atlantic-canarias.com\/de\/wp-json\/wp\/v2\/types\/page"}],"author":[{"embeddable":true,"href":"https:\/\/www.atlantic-canarias.com\/de\/wp-json\/wp\/v2\/users\/1"}],"replies":[{"embeddable":true,"href":"https:\/\/www.atlantic-canarias.com\/de\/wp-json\/wp\/v2\/comments?post=970"}],"version-history":[{"count":5,"href":"https:\/\/www.atlantic-canarias.com\/de\/wp-json\/wp\/v2\/pages\/970\/revisions"}],"predecessor-version":[{"id":990,"href":"https:\/\/www.atlantic-canarias.com\/de\/wp-json\/wp\/v2\/pages\/970\/revisions\/990"}],"wp:featuredmedia":[{"embeddable":true,"href":"https:\/\/www.atlantic-canarias.com\/de\/wp-json\/wp\/v2\/media\/749"}],"wp:attachment":[{"href":"https:\/\/www.atlantic-canarias.com\/de\/wp-json\/wp\/v2\/media?parent=970"}],"curies":[{"name":"wp","href":"https:\/\/api.w.org\/{rel}","templated":true}]}}