{"id":338,"date":"2014-10-29T12:22:05","date_gmt":"2014-10-29T12:22:05","guid":{"rendered":"http:\/\/atlantic-canarias.com\/solicitaroferta-2\/"},"modified":"2018-02-05T10:38:12","modified_gmt":"2018-02-05T09:38:12","slug":"solicitaroferta","status":"publish","type":"page","link":"https:\/\/www.atlantic-canarias.com\/de\/solicitaroferta\/","title":{"rendered":"Offerten"},"content":{"rendered":"<h2>Antragen<\/h2>\n<p>Bitte f\u00fcllen Sie folgendes Formular aus und wir senden Ihnen gerne die beste individuelle Offerte f\u00fcr Sie zu.<\/p>\n<p>W\u00e4hlen Sie unsere entsprechende ATLANTIC CANARIAS, SA Niederlassung aus, von der Sie eine Offerte erhalten m\u00f6chten:<\/p>\n<div style=\"width: 45%; float: left;\">\n<p><strong>SANTA CRUZ DE TENERIFE<\/strong><br \/>\nC\/. Anatolio de Fuentes Garcia, 16<br \/>\nPol. Ind. Costa Sur<br \/>\n38009 Santa Cruz de Tenerife<br \/>\nTel: +34 922 622 560<br \/>\nFax: +34 922 623 481<br \/>\nE-mail: atlantictfe@atlantic-canarias.com<br \/>\n(Zust\u00e4ndig f\u00fcr Lieferungen nach Teneriffa, La Palma, La Gomera und El Hierro)<\/p>\n<\/div>\n<div style=\"width: 45%; float: right;\">\n<p><strong>LAS PALMAS DE GRAN CANARIA<\/strong><br \/>\nAvda. de las Petrol\u00edferas, s\/n \u2013 Parcela 15<br \/>\nEdificio Castero \u2013 1\u00ba Izqda<br \/>\n35008 Las Palmas de Gran Canaria<br \/>\nTel: +34 928 229 162<br \/>\nFax: +34 928 272 780<br \/>\nE-mail: atlanticlpa@atlantic-canarias.com<br \/>\n(Kontaktstelle f\u00fcr Lieferungen nach Gran Canaria, Fuerteventura und Lanzarote)<\/p>\n<\/div>\n<div style=\"float: left; margin-top: 20px;\">\n<hr \/>\n\n<div class=\"wpcf7 no-js\" id=\"wpcf7-f385-o1\" lang=\"es-ES\" dir=\"ltr\" data-wpcf7-id=\"385\">\n<div class=\"screen-reader-response\"><p role=\"status\" aria-live=\"polite\" aria-atomic=\"true\"><\/p> <ul><\/ul><\/div>\n<form action=\"\/de\/wp-json\/wp\/v2\/pages\/338#wpcf7-f385-o1\" method=\"post\" class=\"wpcf7-form init\" aria-label=\"Formulario de contacto\" novalidate=\"novalidate\" data-status=\"init\">\n<fieldset class=\"hidden-fields-container\"><input type=\"hidden\" name=\"_wpcf7\" value=\"385\" \/><input type=\"hidden\" name=\"_wpcf7_version\" value=\"6.1.5\" \/><input type=\"hidden\" name=\"_wpcf7_locale\" value=\"es_ES\" \/><input type=\"hidden\" name=\"_wpcf7_unit_tag\" value=\"wpcf7-f385-o1\" \/><input type=\"hidden\" name=\"_wpcf7_container_post\" value=\"0\" \/><input type=\"hidden\" name=\"_wpcf7_posted_data_hash\" value=\"\" \/><input type=\"hidden\" name=\"_wpcf7_recaptcha_response\" value=\"\" \/>\n<\/fieldset>\n<style type=\"text\/css\">\np {margin-bottom:10px}\nselect[name=\"menu-346\"] {\t\n\t\t\twidth:318px;\n\t\t\tpadding: 8px;\n\t\t\tmargin-top: 3px;\n\t\t\tborder: 1px solid #e6e6e6;\n\t\t\t-webkit-border-radius: 0px;\n\t\t\t-moz-border-radius: 0px;\n\t\t\tborder-radius: 0px;\n\t\t\tbackground-color: #f5f5f5;\n\t\t\tmax-width: 100%;\n\t\t\tcolor: #444;\n\t\t\t-moz-box-shadow: inset 0px 1px 3px rgba(0, 0, 0, 0);\n\t\t\t-webkit-box-shadow: inset 0px 1px 3px rgba(0, 0, 0, 0);\n\t\t\tbox-shadow: inset 0px 1px 3px rgba(0, 0, 0, 0);\n\t\t}\n\t\t.cpostal {width:60px !important; margin-left:15px;}\n\t\tinput[type=\"checkbox\"], input[type=\"radio\"]{width:15px !important;}\n\t\t.divlabel {width:30%; float:left; min-height: 37px; padding:10px;}\n\t\t.divinpt  {width:50%; float:left;}\n\t\ttextarea {margin-top:10px !important;}\n<\/style>\n\n<div style=\" min-height: 37px; width:100%; float: left;  width: 100%;\">\n\t<div class=\"divlabel\">B\u00fcro*:<\/div>\n\t<div class=\"divinput\"><span class=\"wpcf7-form-control-wrap\" data-name=\"menu-346\"><select class=\"wpcf7-form-control wpcf7-select wpcf7-validates-as-required\" aria-required=\"true\" aria-invalid=\"false\" name=\"menu-346\"><option value=\"\">&#8212;Por favor, elige una opci\u00f3n&#8212;<\/option><option value=\"Santa Cruz de Tenerife\">Santa Cruz de Tenerife<\/option><option value=\"Las Palmas de Gran Canaria\">Las Palmas de Gran Canaria<\/option><\/select><\/span>  <\/div>\n<\/div>\n\n\n<div style=\" min-height: 37px; width:100%; float: left;  width: 100%;\">\n\t<div class=\"divlabel\" style=\"padding-top:0px\">Transport-Modalit\u00e4t:<\/div>\n\t<div class=\"divinput\"><span class=\"wpcf7-form-control-wrap\" data-name=\"checkbox-226\"><span class=\"wpcf7-form-control wpcf7-checkbox\"><span class=\"wpcf7-list-item first\"><input type=\"checkbox\" name=\"checkbox-226[]\" value=\"Seefracht\" \/><span class=\"wpcf7-list-item-label\">Seefracht<\/span><\/span><span class=\"wpcf7-list-item last\"><input type=\"checkbox\" name=\"checkbox-226[]\" value=\"Luftfracht\" \/><span class=\"wpcf7-list-item-label\">Luftfracht<\/span><\/span><\/span><\/span> <\/div>\n<\/div>\n\n<div style=\" min-height: 37px; width:100%; float: left;  width: 100%;\">\n\t<div class=\"divlabel\"  style=\"padding-top:0px\">Versandart:<\/div>\n\t<div class=\"divinput\"><span class=\"wpcf7-form-control-wrap\" data-name=\"radio-796\"><span class=\"wpcf7-form-control wpcf7-radio\"><span class=\"wpcf7-list-item first\"><input type=\"radio\" name=\"radio-796\" value=\"Vollcontainer (FCL)\" \/><span class=\"wpcf7-list-item-label\">Vollcontainer (FCL)<\/span><\/span><span class=\"wpcf7-list-item last\"><input type=\"radio\" name=\"radio-796\" value=\"Beiladung (LCL)\" \/><span class=\"wpcf7-list-item-label\">Beiladung (LCL)<\/span><\/span><\/span><\/span> <\/div>\n<\/div>\n\n<div style=\" min-height: 37px; width:100%; float: left;  width: 100%;\">\n\t<div class=\"divlabel\">Waren-Beschreibung:<\/div>\n\t<div class=\"divinput\"><span class=\"wpcf7-form-control-wrap\" data-name=\"text-292\"><input size=\"40\" maxlength=\"400\" class=\"wpcf7-form-control wpcf7-text\" aria-invalid=\"false\" value=\"\" type=\"text\" name=\"text-292\" \/><\/span> <\/div>\n<\/div>\n\n<div style=\" min-height: 37px; width:100%; float: left;  width: 100%;\">\n\t<div class=\"divlabel\" style=\"padding-top:0px\">Bitte senden Sie mir:<\/div>\n\t<div class=\"divinput\"><span class=\"wpcf7-form-control-wrap\" data-name=\"radio-688\"><span class=\"wpcf7-form-control wpcf7-radio\"><span class=\"wpcf7-list-item first\"><input type=\"radio\" name=\"radio-688\" value=\"Preisliste\" \/><span class=\"wpcf7-list-item-label\">Preisliste<\/span><\/span><span class=\"wpcf7-list-item last\"><input type=\"radio\" name=\"radio-688\" value=\"eine konkrete Offerte\" \/><span class=\"wpcf7-list-item-label\">eine konkrete Offerte<\/span><\/span><\/span><\/span> <\/div>\n<\/div>\n\n<div style=\" min-height: 37px; width:100%; float: left;  width: 100%;\">\n\t<div class=\"divlabel\">Ladeortschaft:<\/div>\n\t<div class=\"divinput\"><span class=\"wpcf7-form-control-wrap\" data-name=\"text-104\"><input size=\"40\" maxlength=\"400\" class=\"wpcf7-form-control wpcf7-text\" aria-invalid=\"false\" value=\"\" type=\"text\" name=\"text-104\" \/><\/span> &nbsp;&nbsp;&nbsp;Postleitzahl: <span class=\"wpcf7-form-control-wrap\" data-name=\"text-20\"><input size=\"40\" maxlength=\"400\" class=\"wpcf7-form-control wpcf7-text cpostal\" aria-invalid=\"false\" value=\"\" type=\"text\" name=\"text-20\" \/><\/span> <\/div>\n<\/div>\n\n<div style=\" min-height: 37px; width:100%; float: left;  width: 100%;\">\n\t<div class=\"divlabel\">Zielortschaft:<\/div>\n\t<div class=\"divinput\"><span class=\"wpcf7-form-control-wrap\" data-name=\"text-846\"><input size=\"40\" maxlength=\"400\" class=\"wpcf7-form-control wpcf7-text\" aria-invalid=\"false\" value=\"\" type=\"text\" name=\"text-846\" \/><\/span> &nbsp;&nbsp;&nbsp;Postleitzahl: <span class=\"wpcf7-form-control-wrap\" data-name=\"text-394\"><input size=\"40\" maxlength=\"400\" class=\"wpcf7-form-control wpcf7-text cpostal\" aria-invalid=\"false\" value=\"\" type=\"text\" name=\"text-394\" \/><\/span> <\/div>\n<\/div>\n\n\n<div style=\" min-height: 37px; width:100%; float: left;  width: 100%;\">\n\t<div class=\"divlabel\">Anmerkungen:<\/div>\n\t<div class=\"divinput\"><textarea name=\"observaciones\" id=\"observaciones\" style=\"margin-top:10px\"><\/textarea> <\/div>\n<\/div>\n\n\n<hr>\n\n\n<div style=\" min-height: 37px; width:100%; float: left;  width: 100%;\">\n<div class=\"divlabel\">Name: *<\/div>\n<div class=\"divinput\"><span class=\"wpcf7-form-control-wrap\" data-name=\"your-name\"><input size=\"40\" maxlength=\"400\" class=\"wpcf7-form-control wpcf7-text wpcf7-validates-as-required\" aria-required=\"true\" aria-invalid=\"false\" value=\"\" type=\"text\" name=\"your-name\" \/><\/span> <\/div>\n<\/div>\n\n<div style=\" min-height: 37px; width:100%; float: left;  width: 100%;\">   \t\n<div class=\"divlabel\">Unternehmen: *<\/div>\n<div class=\"divinput\"><span class=\"wpcf7-form-control-wrap\" data-name=\"text-505\"><input size=\"40\" maxlength=\"400\" class=\"wpcf7-form-control wpcf7-text wpcf7-validates-as-required\" aria-required=\"true\" aria-invalid=\"false\" value=\"\" type=\"text\" name=\"text-505\" \/><\/span> <\/div>\n<\/div>\n\n<div style=\" min-height: 37px; width:100%; float: left;  width: 100%;\">\n<div class=\"divlabel\">Adresse:<\/div>\n<div class=\"divinput\"> <span class=\"wpcf7-form-control-wrap\" data-name=\"text-925\"><input size=\"40\" maxlength=\"400\" class=\"wpcf7-form-control wpcf7-text\" aria-invalid=\"false\" value=\"\" type=\"text\" name=\"text-925\" \/><\/span><\/div>\n<\/div>\n\n<div style=\" min-height: 37px; width:100%; float: left;  width: 100%;\">\n<div class=\"divlabel\">Ort:<\/div>\n<div class=\"divinput\"><span class=\"wpcf7-form-control-wrap\" data-name=\"text-115\"><input size=\"40\" maxlength=\"400\" class=\"wpcf7-form-control wpcf7-text\" aria-invalid=\"false\" value=\"\" type=\"text\" name=\"text-115\" \/><\/span><\/div>\n<\/div>\n\n<div style=\" min-height: 37px; width:100%; float: left;  width: 100%;\">\n<div class=\"divlabel\">Land:<\/div>\n<div class=\"divinput\"> <span class=\"wpcf7-form-control-wrap\" data-name=\"text-88\"><input size=\"40\" maxlength=\"400\" class=\"wpcf7-form-control wpcf7-text\" aria-invalid=\"false\" value=\"\" type=\"text\" name=\"text-88\" \/><\/span> <\/div>\n<\/div>\n\n<div style=\" min-height: 37px; width:100%; float: left;  width: 100%;\">\n<div class=\"divlabel\">Postleitzahl:<\/div>\n<div class=\"divinput\"><span class=\"wpcf7-form-control-wrap\" data-name=\"text-82\"><input size=\"40\" maxlength=\"400\" class=\"wpcf7-form-control wpcf7-text\" aria-invalid=\"false\" value=\"\" type=\"text\" name=\"text-82\" \/><\/span><\/div>\n<\/div>\n\n<div style=\" min-height: 37px; width:100%; float: left;  width: 100%;\">\n<div class=\"divlabel\">Email: *<\/div>\n<div class=\"divinput\"><span class=\"wpcf7-form-control-wrap\" data-name=\"your-email\"><input size=\"40\" maxlength=\"400\" class=\"wpcf7-form-control wpcf7-email wpcf7-validates-as-required wpcf7-text wpcf7-validates-as-email\" aria-required=\"true\" aria-invalid=\"false\" value=\"\" type=\"email\" name=\"your-email\" \/><\/span> <\/div>\n<\/div>\n\n<div style=\" min-height: 37px; width:100%; float: left;  width: 100%;\">\n<div class=\"divlabel\">Telefon: *<\/div>\n<div class=\"divinput\"><span class=\"wpcf7-form-control-wrap\" data-name=\"text-774\"><input size=\"40\" maxlength=\"400\" class=\"wpcf7-form-control wpcf7-text wpcf7-validates-as-required\" aria-required=\"true\" aria-invalid=\"false\" value=\"\" type=\"text\" name=\"text-774\" \/><\/span> <\/div>\n<\/div>\n\n<div style=\" min-height: 37px; width:100%; float: left;  width: 100%;\">\n<div class=\"divlabel\">Fax:<\/div>\n<div class=\"divinput\"><span class=\"wpcf7-form-control-wrap\" data-name=\"text-299\"><input size=\"40\" maxlength=\"400\" class=\"wpcf7-form-control wpcf7-text\" aria-invalid=\"false\" value=\"\" type=\"text\" name=\"text-299\" \/><\/span> <\/div>\n<\/div>\n\n<div style=\"  width:100%; float: left;  width: 100%;\">\n<div class=\"divlabel\"><\/div>\n<div class=\"divinput\"><span class=\"wpcf7-form-control-wrap\" data-name=\"acceptance-552\"><span class=\"wpcf7-form-control wpcf7-acceptance\"><span class=\"wpcf7-list-item\"><input type=\"checkbox\" name=\"acceptance-552\" value=\"1\" aria-invalid=\"false\" \/><\/span><\/span><\/span>Ich best\u00e4tige, dass ich das <a href=\"lopd\"> Datenschutzgesetz <\/a> <\/div> gelesen und akzeptiert habe\n<\/div>\n\n<div style=\"width:100%;float:left;\">\n<div class=\"divlabel\"><\/div>\n<div class=\"divinput\" style=\"float:left;\"><\/div>\n<\/div>\n\n<div style=\"  width:100%; float: left;  width: 100%;\">\n\t<div class=\"divlabel\"><\/div><div class=\"divinput\"><input class=\"wpcf7-form-control wpcf7-submit has-spinner\" type=\"submit\" value=\"Senden\" \/><\/div>\n<\/div><div class=\"wpcf7-response-output\" aria-hidden=\"true\"><\/div>\n<\/form>\n<\/div>\n<\/div>\n","protected":false},"excerpt":{"rendered":"<p>Antragen Bitte f\u00fcllen Sie folgendes Formular aus und wir senden Ihnen gerne die beste individuelle Offerte f\u00fcr Sie zu. W\u00e4hlen&#8230; <a class=\"read-more\" href=\"https:\/\/www.atlantic-canarias.com\/de\/solicitaroferta\/\">Leer m\u00e1s >><\/a><\/p>\n","protected":false},"author":1,"featured_media":749,"parent":0,"menu_order":0,"comment_status":"open","ping_status":"open","template":"","meta":{"footnotes":""},"class_list":["post-338","page","type-page","status-publish","has-post-thumbnail","hentry"],"_links":{"self":[{"href":"https:\/\/www.atlantic-canarias.com\/de\/wp-json\/wp\/v2\/pages\/338","targetHints":{"allow":["GET"]}}],"collection":[{"href":"https:\/\/www.atlantic-canarias.com\/de\/wp-json\/wp\/v2\/pages"}],"about":[{"href":"https:\/\/www.atlantic-canarias.com\/de\/wp-json\/wp\/v2\/types\/page"}],"author":[{"embeddable":true,"href":"https:\/\/www.atlantic-canarias.com\/de\/wp-json\/wp\/v2\/users\/1"}],"replies":[{"embeddable":true,"href":"https:\/\/www.atlantic-canarias.com\/de\/wp-json\/wp\/v2\/comments?post=338"}],"version-history":[{"count":20,"href":"https:\/\/www.atlantic-canarias.com\/de\/wp-json\/wp\/v2\/pages\/338\/revisions"}],"predecessor-version":[{"id":2056,"href":"https:\/\/www.atlantic-canarias.com\/de\/wp-json\/wp\/v2\/pages\/338\/revisions\/2056"}],"wp:featuredmedia":[{"embeddable":true,"href":"https:\/\/www.atlantic-canarias.com\/de\/wp-json\/wp\/v2\/media\/749"}],"wp:attachment":[{"href":"https:\/\/www.atlantic-canarias.com\/de\/wp-json\/wp\/v2\/media?parent=338"}],"curies":[{"name":"wp","href":"https:\/\/api.w.org\/{rel}","templated":true}]}}