{"id":316,"date":"2014-10-30T11:21:27","date_gmt":"2014-10-30T11:21:27","guid":{"rendered":"http:\/\/atlantic-canarias.com\/?page_id=316"},"modified":"2016-10-05T11:20:41","modified_gmt":"2016-10-05T11:20:41","slug":"logistica","status":"publish","type":"page","link":"https:\/\/www.atlantic-canarias.com\/de\/logistica\/","title":{"rendered":"Logistik"},"content":{"rendered":"<h1 class=\"titulotexto\" style=\"opacity:1\">Logistik<\/h1>\n<div style=\"width:60%; float:left;\">\nLogistikdienstleistungen sind auch bei Atlantic Canarias, S.A. ein dynamischer Gesch\u00e4ftsbereich, der immer gr\u00f6\u00dfere und st\u00e4rkere Bedeutung gewinnt.<\/p>\n<p>Daher schaffen wir auch f\u00fcr Sie individuelle , innovative und professionelle L\u00f6sungen, damit Ihre Produkte sicher und p\u00fcnktlich Ihr Endziel erreichen.<\/p>\n<p>Durch das Know How und die Hingabe unserer Mitarbeiter sowie die Einbindung modernster EDV-Technologie, sind Sie jederzeit in der Lage, Ihre Warenstr\u00f6me einfach zu steuern und den Erwartungen Ihrer Endkunden fachgerecht nach zukommen.<\/p>\n<p>Wir beraten Sie gerne und finden die richtige L\u00f6sung f\u00fcr Ihr Vertriebsnetz.\n<\/p><\/div>\n<div style=\"width:30%; float:right;\">\n<div id='swiffycontainer_1' style='width: 300px; height: 270px;'><\/div><br \/>\n<img loading=\"lazy\" decoding=\"async\" src=\"http:\/\/atlantic-canarias.com\/wp-content\/uploads\/2014\/10\/logistica1-300x216.jpg\" alt=\"logistica1\" width=\"300\" height=\"216\" class=\"alignleft size-medium wp-image-879\" srcset=\"https:\/\/www.atlantic-canarias.com\/wp-content\/uploads\/2014\/10\/logistica1-300x216.jpg 300w, https:\/\/www.atlantic-canarias.com\/wp-content\/uploads\/2014\/10\/logistica1.jpg 314w\" sizes=\"auto, (max-width: 300px) 100vw, 300px\" \/>\n<\/div>\n<p>[ls_button icon_right=&#8220;fa-envelope&#8220; color=&#8220;default&#8220; url=&#8220;http:\/\/atlantic-canarias.com\/de\/solicitaroferta\/&#8220; target=&#8220;_self&#8220; ]Angebot Anfordern[\/ls_button]<\/p>\n","protected":false},"excerpt":{"rendered":"<p>Logistik Logistikdienstleistungen sind auch bei Atlantic Canarias, S.A. ein dynamischer Gesch\u00e4ftsbereich, der immer gr\u00f6\u00dfere und st\u00e4rkere Bedeutung gewinnt. Daher schaffen&#8230; <a class=\"read-more\" href=\"https:\/\/www.atlantic-canarias.com\/de\/logistica\/\">Leer m\u00e1s >><\/a><\/p>\n","protected":false},"author":1,"featured_media":749,"parent":0,"menu_order":0,"comment_status":"open","ping_status":"open","template":"page-full-width.php","meta":{"footnotes":""},"class_list":["post-316","page","type-page","status-publish","has-post-thumbnail","hentry"],"_links":{"self":[{"href":"https:\/\/www.atlantic-canarias.com\/de\/wp-json\/wp\/v2\/pages\/316","targetHints":{"allow":["GET"]}}],"collection":[{"href":"https:\/\/www.atlantic-canarias.com\/de\/wp-json\/wp\/v2\/pages"}],"about":[{"href":"https:\/\/www.atlantic-canarias.com\/de\/wp-json\/wp\/v2\/types\/page"}],"author":[{"embeddable":true,"href":"https:\/\/www.atlantic-canarias.com\/de\/wp-json\/wp\/v2\/users\/1"}],"replies":[{"embeddable":true,"href":"https:\/\/www.atlantic-canarias.com\/de\/wp-json\/wp\/v2\/comments?post=316"}],"version-history":[{"count":9,"href":"https:\/\/www.atlantic-canarias.com\/de\/wp-json\/wp\/v2\/pages\/316\/revisions"}],"predecessor-version":[{"id":1282,"href":"https:\/\/www.atlantic-canarias.com\/de\/wp-json\/wp\/v2\/pages\/316\/revisions\/1282"}],"wp:featuredmedia":[{"embeddable":true,"href":"https:\/\/www.atlantic-canarias.com\/de\/wp-json\/wp\/v2\/media\/749"}],"wp:attachment":[{"href":"https:\/\/www.atlantic-canarias.com\/de\/wp-json\/wp\/v2\/media?parent=316"}],"curies":[{"name":"wp","href":"https:\/\/api.w.org\/{rel}","templated":true}]}}