{"id":309,"date":"2014-10-30T11:16:50","date_gmt":"2014-10-30T11:16:50","guid":{"rendered":"http:\/\/atlantic-canarias.com\/?page_id=309"},"modified":"2016-10-05T11:15:39","modified_gmt":"2016-10-05T11:15:39","slug":"zoll","status":"publish","type":"page","link":"https:\/\/www.atlantic-canarias.com\/de\/zoll\/","title":{"rendered":"Zoll"},"content":{"rendered":"<h1 class=\"titulotexto\" style=\"opacity:1\">Zoll<\/h1>\n<div style=\"width:60%; float:left;\">\nIn unserer Zollabteilung erledigen wir kompetent f\u00fcr Sie alle erforderlichen Zollformalit\u00e4ten und Abfertigungen.<\/p>\n<p>Im folgenden eine kleine Auswahl unserer Dienstleistungen:<\/p>\n<ul>\n<li>Unsere eigene Zoll-Agentur erledigt f\u00fcr Sie rasch und unb\u00fcrokratisch s\u00e4mtliche Import-Exportabfertigungen sowie alle weiteren Zollformalit\u00e4ten<\/li>\n<li>Direkte Anbindung zu den Zoll\u00e4mtern mittels modernster EDV-Technologie<\/li>\n<li>Schnelle und reibunglose Abfertigungen, damit Ihre Sendungen fristgerecht Ihr Ziel erreichen<\/li>\n<li>Aussenhandels-Beratung.<\/li>\n<\/ul>\n<\/div>\n<div style=\"width:40%; float:right;\">\n<img loading=\"lazy\" decoding=\"async\" src=\"http:\/\/atlantic-canarias.com\/wp-content\/uploads\/2014\/10\/aduana1-300x216.jpg\" alt=\"aduana1\" width=\"300\" height=\"216\" class=\"alignleft size-medium wp-image-801\" srcset=\"https:\/\/www.atlantic-canarias.com\/wp-content\/uploads\/2014\/10\/aduana1-300x216.jpg 300w, https:\/\/www.atlantic-canarias.com\/wp-content\/uploads\/2014\/10\/aduana1.jpg 314w\" sizes=\"auto, (max-width: 300px) 100vw, 300px\" \/><br \/>\n<img loading=\"lazy\" decoding=\"async\" src=\"http:\/\/atlantic-canarias.com\/wp-content\/uploads\/2014\/10\/aduana2-300x211.jpg\" alt=\"aduana2\" width=\"300\" height=\"211\" class=\"alignnone size-medium wp-image-802\" srcset=\"https:\/\/www.atlantic-canarias.com\/wp-content\/uploads\/2014\/10\/aduana2-300x211.jpg 300w, https:\/\/www.atlantic-canarias.com\/wp-content\/uploads\/2014\/10\/aduana2.jpg 314w\" sizes=\"auto, (max-width: 300px) 100vw, 300px\" \/>\n<\/div>\n<p>[ls_button icon_right=&#8220;fa-envelope&#8220; color=&#8220;default&#8220; url=&#8220;http:\/\/atlantic-canarias.com\/de\/solicitaroferta\/&#8220; target=&#8220;_self&#8220; ]Angebot Anfordern[\/ls_button]<\/p>\n","protected":false},"excerpt":{"rendered":"<p>Zoll In unserer Zollabteilung erledigen wir kompetent f\u00fcr Sie alle erforderlichen Zollformalit\u00e4ten und Abfertigungen. Im folgenden eine kleine Auswahl unserer&#8230; <a class=\"read-more\" href=\"https:\/\/www.atlantic-canarias.com\/de\/zoll\/\">Leer m\u00e1s >><\/a><\/p>\n","protected":false},"author":1,"featured_media":749,"parent":0,"menu_order":0,"comment_status":"open","ping_status":"closed","template":"page-full-width.php","meta":{"footnotes":""},"class_list":["post-309","page","type-page","status-publish","has-post-thumbnail","hentry"],"_links":{"self":[{"href":"https:\/\/www.atlantic-canarias.com\/de\/wp-json\/wp\/v2\/pages\/309","targetHints":{"allow":["GET"]}}],"collection":[{"href":"https:\/\/www.atlantic-canarias.com\/de\/wp-json\/wp\/v2\/pages"}],"about":[{"href":"https:\/\/www.atlantic-canarias.com\/de\/wp-json\/wp\/v2\/types\/page"}],"author":[{"embeddable":true,"href":"https:\/\/www.atlantic-canarias.com\/de\/wp-json\/wp\/v2\/users\/1"}],"replies":[{"embeddable":true,"href":"https:\/\/www.atlantic-canarias.com\/de\/wp-json\/wp\/v2\/comments?post=309"}],"version-history":[{"count":8,"href":"https:\/\/www.atlantic-canarias.com\/de\/wp-json\/wp\/v2\/pages\/309\/revisions"}],"predecessor-version":[{"id":1280,"href":"https:\/\/www.atlantic-canarias.com\/de\/wp-json\/wp\/v2\/pages\/309\/revisions\/1280"}],"wp:featuredmedia":[{"embeddable":true,"href":"https:\/\/www.atlantic-canarias.com\/de\/wp-json\/wp\/v2\/media\/749"}],"wp:attachment":[{"href":"https:\/\/www.atlantic-canarias.com\/de\/wp-json\/wp\/v2\/media?parent=309"}],"curies":[{"name":"wp","href":"https:\/\/api.w.org\/{rel}","templated":true}]}}